{"id":4323,"date":"2026-01-23T17:24:06","date_gmt":"2026-01-23T16:24:06","guid":{"rendered":"https:\/\/photonicolas.fr\/?page_id=4323"},"modified":"2026-01-24T13:31:50","modified_gmt":"2026-01-24T12:31:50","slug":"galerie-dimages-en-vente","status":"publish","type":"page","link":"https:\/\/photonicolas.fr\/index.php\/galerie-dimages-en-vente\/","title":{"rendered":"Galerie d&rsquo;images en vente"},"content":{"rendered":"\n<p>D\u00e9couvrez cet espace qui vous propose un grand choix de photographies, \u00e0 imprimer sous de nombreuses formes, allant de la carte postale, calendrier, poster ou autre.<\/p>\n\n\n\n<p>J&rsquo;ai pass\u00e9 des heures \u00e0 parcourir la Charente maritime ou en affut, il est temps de faire vivre ces photographies. En vous offrant un tirage, vous donnez vie \u00e0 mon travail, pour mon plus grand plaisir.<\/p>\n\n\n\n<p>Bonne d\u00e9couverte de ces galeries qui vont rapidement s&rsquo;\u00e9toffer.<\/p>\n\n\n\n<p>Nicolas<\/p>\n\n\n\n<figure class=\"wp-block-image size-large is-resized\"><a href=\"https:\/\/b.photo-portal.shop\/share\/TCXCPt7\/\"><img loading=\"lazy\" decoding=\"async\" width=\"1024\" height=\"768\" src=\"https:\/\/photonicolas.fr\/wp-content\/uploads\/2026\/01\/P2044554-ORF_DxO_DeepPRIME_Radiant-1024x768.jpg\" alt=\"\" class=\"wp-image-4324\" style=\"width:189px;height:auto\" srcset=\"https:\/\/photonicolas.fr\/wp-content\/uploads\/2026\/01\/P2044554-ORF_DxO_DeepPRIME_Radiant-1024x768.jpg 1024w, https:\/\/photonicolas.fr\/wp-content\/uploads\/2026\/01\/P2044554-ORF_DxO_DeepPRIME_Radiant-300x225.jpg 300w, https:\/\/photonicolas.fr\/wp-content\/uploads\/2026\/01\/P2044554-ORF_DxO_DeepPRIME_Radiant-768x576.jpg 768w, https:\/\/photonicolas.fr\/wp-content\/uploads\/2026\/01\/P2044554-ORF_DxO_DeepPRIME_Radiant-1536x1152.jpg 1536w, https:\/\/photonicolas.fr\/wp-content\/uploads\/2026\/01\/P2044554-ORF_DxO_DeepPRIME_Radiant-1568x1176.jpg 1568w, https:\/\/photonicolas.fr\/wp-content\/uploads\/2026\/01\/P2044554-ORF_DxO_DeepPRIME_Radiant-1320x990.jpg 1320w, https:\/\/photonicolas.fr\/wp-content\/uploads\/2026\/01\/P2044554-ORF_DxO_DeepPRIME_Radiant.jpg 1920w\" sizes=\"auto, (max-width: 1024px) 100vw, 1024px\" \/><\/a><figcaption class=\"wp-element-caption\">Martin p\u00eacheur<\/figcaption><\/figure>\n\n\n\n<figure class=\"wp-block-image size-full is-resized\"><a href=\"https:\/\/b.photo-portal.shop\/share\/SV8kynK\/\"><img loading=\"lazy\" decoding=\"async\" width=\"836\" height=\"628\" src=\"https:\/\/photonicolas.fr\/wp-content\/uploads\/2026\/01\/P9010721-ORF_DxO_DeepPRIME-viveza.jpg\" alt=\"\" class=\"wp-image-4325\" style=\"aspect-ratio:1.331241901384437;width:191px;height:auto\" srcset=\"https:\/\/photonicolas.fr\/wp-content\/uploads\/2026\/01\/P9010721-ORF_DxO_DeepPRIME-viveza.jpg 836w, https:\/\/photonicolas.fr\/wp-content\/uploads\/2026\/01\/P9010721-ORF_DxO_DeepPRIME-viveza-300x225.jpg 300w, https:\/\/photonicolas.fr\/wp-content\/uploads\/2026\/01\/P9010721-ORF_DxO_DeepPRIME-viveza-768x577.jpg 768w\" sizes=\"auto, (max-width: 836px) 100vw, 836px\" \/><\/a><figcaption class=\"wp-element-caption\">Oiseaux de Charente maritime<\/figcaption><\/figure>\n","protected":false},"excerpt":{"rendered":"<p>D\u00e9couvrez cet espace qui vous propose un grand choix de photographies, \u00e0 imprimer sous de nombreuses formes, allant de la carte postale, calendrier, poster ou autre. J&rsquo;ai pass\u00e9 des heures \u00e0 parcourir la Charente maritime ou en affut, il est temps de faire vivre ces photographies. En vous offrant un tirage, vous donnez vie \u00e0&hellip; <a class=\"more-link\" href=\"https:\/\/photonicolas.fr\/index.php\/galerie-dimages-en-vente\/\">Poursuivre la lecture <span class=\"screen-reader-text\">Galerie d&rsquo;images en vente<\/span><\/a><\/p>\n","protected":false},"author":1,"featured_media":0,"parent":0,"menu_order":0,"comment_status":"closed","ping_status":"closed","template":"","meta":{"footnotes":""},"class_list":["post-4323","page","type-page","status-publish","hentry","entry"],"_links":{"self":[{"href":"https:\/\/photonicolas.fr\/index.php\/wp-json\/wp\/v2\/pages\/4323","targetHints":{"allow":["GET"]}}],"collection":[{"href":"https:\/\/photonicolas.fr\/index.php\/wp-json\/wp\/v2\/pages"}],"about":[{"href":"https:\/\/photonicolas.fr\/index.php\/wp-json\/wp\/v2\/types\/page"}],"author":[{"embeddable":true,"href":"https:\/\/photonicolas.fr\/index.php\/wp-json\/wp\/v2\/users\/1"}],"replies":[{"embeddable":true,"href":"https:\/\/photonicolas.fr\/index.php\/wp-json\/wp\/v2\/comments?post=4323"}],"version-history":[{"count":6,"href":"https:\/\/photonicolas.fr\/index.php\/wp-json\/wp\/v2\/pages\/4323\/revisions"}],"predecessor-version":[{"id":4341,"href":"https:\/\/photonicolas.fr\/index.php\/wp-json\/wp\/v2\/pages\/4323\/revisions\/4341"}],"wp:attachment":[{"href":"https:\/\/photonicolas.fr\/index.php\/wp-json\/wp\/v2\/media?parent=4323"}],"curies":[{"name":"wp","href":"https:\/\/api.w.org\/{rel}","templated":true}]}}